{"id":88,"date":"2017-06-21T13:09:55","date_gmt":"2017-06-21T11:09:55","guid":{"rendered":"https:\/\/bottinesneux.be\/?page_id=88"},"modified":"2020-04-10T16:04:10","modified_gmt":"2020-04-10T14:04:10","slug":"lg083_bottinesneux_contact","status":"publish","type":"page","link":"https:\/\/bottinesneux.be\/index.php\/lg083_bottinesneux_contact\/","title":{"rendered":"Contact"},"content":{"rendered":"<p><img loading=\"lazy\" decoding=\"async\" class=\"alignnone wp-image-91\" src=\"https:\/\/bottinesneux.be\/wp-content\/uploads\/2017\/06\/Contact_1-300x77.jpg\" alt=\"\" width=\"471\" height=\"121\" \/><\/p>\n<h2 style=\"text-align: center;\"><span style=\"font-family: 'arial black', sans-serif; color: #3366ff;\">Salle de d\u00e9part<\/span><\/h2>\n<hr \/>\n<h2 style=\"text-align: center;\"><span style=\"color: #0000ff;\">Ath\u00e9n\u00e9e Royal d&rsquo;Esneux<\/span><\/h2>\n<h2 style=\"text-align: center;\"><span style=\"color: #0000ff;\">Rue de l&rsquo;Ath\u00e9n\u00e9e 6 &#8211;\u00a04130 Esneux<\/span><\/h2>\n<hr \/>\n<p style=\"text-align: center;\"><div id=\"wpgmza_map\" class=\"wpgmza_map\" data-settings='{\"id\":\"1\",\"map_title\":\"Salle D\\u00e9part\",\"map_width\":\"100\",\"map_height\":\"400\",\"map_start_lat\":\"50.538389\",\"map_start_lng\":\"5.574595\",\"map_start_location\":\"50.538389471352225,5.5745953652427715\",\"map_start_zoom\":\"11\",\"default_marker\":\"0\",\"type\":\"1\",\"alignment\":\"2\",\"directions_enabled\":\"1\",\"styling_enabled\":\"0\",\"styling_json\":\"\",\"active\":\"0\",\"kml\":\"\",\"bicycle\":\"0\",\"traffic\":\"0\",\"dbox\":\"1\",\"dbox_width\":\"100\",\"listmarkers\":\"0\",\"listmarkers_advanced\":\"0\",\"filterbycat\":\"0\",\"ugm_enabled\":\"0\",\"ugm_category_enabled\":\"0\",\"fusion\":\"\",\"map_width_type\":\"\\\\%\",\"map_height_type\":\"px\",\"mass_marker_support\":\"1\",\"ugm_access\":\"0\",\"order_markers_by\":\"1\",\"order_markers_choice\":\"2\",\"show_user_location\":\"0\",\"default_to\":\"\",\"other_settings\":{\"store_locator_enabled\":2,\"store_locator_distance\":2,\"store_locator_default_radius\":\"10\",\"store_locator_not_found_message\":\"No results found in this location. Please try again.\",\"store_locator_bounce\":1,\"store_locator_query_string\":\"Code Postal \\\/ Adresse\",\"store_locator_default_address\":\"\",\"wpgmza_store_locator_restrict\":\"\",\"map_max_zoom\":\"1\",\"transport_layer\":0,\"wpgmza_theme_data\":\"\",\"wpgmza_show_points_of_interest\":1}}' data-map-id='1' Data-maps-engine='' data-shortcode-attributes='{\"id\":\"1\"}' style=\"display:block; overflow:auto; width:100%; height:400px; float:left;\"><\/div>\n<hr \/>\n[contact-form-7 id=\u00a0\u00bb87&Prime; title=\u00a0\u00bbFormulaire de contact 1&Prime;]\n","protected":false},"excerpt":{"rendered":"<p>Salle de d\u00e9part Ath\u00e9n\u00e9e Royal d&rsquo;Esneux Rue de l&rsquo;Ath\u00e9n\u00e9e 6 &#8211;\u00a04130 Esneux [contact-form-7 id=\u00a0\u00bb87&Prime; title=\u00a0\u00bbFormulaire de contact 1&Prime;]<\/p>\n","protected":false},"author":3,"featured_media":0,"parent":0,"menu_order":0,"comment_status":"closed","ping_status":"closed","template":"","meta":{"footnotes":""},"class_list":["post-88","page","type-page","status-publish","hentry"],"_links":{"self":[{"href":"https:\/\/bottinesneux.be\/index.php\/wp-json\/wp\/v2\/pages\/88","targetHints":{"allow":["GET"]}}],"collection":[{"href":"https:\/\/bottinesneux.be\/index.php\/wp-json\/wp\/v2\/pages"}],"about":[{"href":"https:\/\/bottinesneux.be\/index.php\/wp-json\/wp\/v2\/types\/page"}],"author":[{"embeddable":true,"href":"https:\/\/bottinesneux.be\/index.php\/wp-json\/wp\/v2\/users\/3"}],"replies":[{"embeddable":true,"href":"https:\/\/bottinesneux.be\/index.php\/wp-json\/wp\/v2\/comments?post=88"}],"version-history":[{"count":0,"href":"https:\/\/bottinesneux.be\/index.php\/wp-json\/wp\/v2\/pages\/88\/revisions"}],"wp:attachment":[{"href":"https:\/\/bottinesneux.be\/index.php\/wp-json\/wp\/v2\/media?parent=88"}],"curies":[{"name":"wp","href":"https:\/\/api.w.org\/{rel}","templated":true}]}}