{"id":21,"date":"2017-06-17T18:12:06","date_gmt":"2017-06-17T16:12:06","guid":{"rendered":"https:\/\/bottinesneux.be\/?page_id=21"},"modified":"2025-07-16T08:58:54","modified_gmt":"2025-07-16T06:58:54","slug":"acceuil","status":"publish","type":"page","link":"https:\/\/bottinesneux.be\/","title":{"rendered":"Accueil"},"content":{"rendered":"\n<h1 style=\"text-align: center;\"><em><span style=\"color: #ff00ff;\">Bienvenue sur le site des <strong>Bott&rsquo;in d&rsquo;Esneux<\/strong><\/span><\/em><\/h1>\n\n\n\n<h1 style=\"text-align: center;\"><em><span style=\"color: #0000ff;\">Folders des marches \u00e0 venir, cliquez sur le folder pour l&rsquo;ouvrir<\/span><\/em><\/h1>\n\n\n<div id='gallery-1' class='gallery galleryid-21 gallery-columns-9 gallery-size-thumbnail'><figure class='gallery-item'>\n\t\t\t<div class='gallery-icon portrait'>\n\t\t\t\t<a href='https:\/\/bottinesneux.be\/wp-content\/uploads\/2025\/07\/Xhoffraix-juillet-2025-1.jpg'><img loading=\"lazy\" decoding=\"async\" width=\"150\" height=\"150\" src=\"https:\/\/bottinesneux.be\/wp-content\/uploads\/2025\/07\/Xhoffraix-juillet-2025-1-150x150.jpg\" class=\"attachment-thumbnail size-thumbnail\" alt=\"\" aria-describedby=\"gallery-1-43342\" \/><\/a>\n\t\t\t<\/div>\n\t\t\t\t<figcaption class='wp-caption-text gallery-caption' id='gallery-1-43342'>\n\t\t\t\tXhoffraix-juillet-2025 (1)\n\t\t\t\t<\/figcaption><\/figure><figure class='gallery-item'>\n\t\t\t<div class='gallery-icon landscape'>\n\t\t\t\t<a href='https:\/\/bottinesneux.be\/wp-content\/uploads\/2025\/07\/Joyeux-Lurons-210725.jpg'><img loading=\"lazy\" decoding=\"async\" width=\"150\" height=\"150\" src=\"https:\/\/bottinesneux.be\/wp-content\/uploads\/2025\/07\/Joyeux-Lurons-210725-150x150.jpg\" class=\"attachment-thumbnail size-thumbnail\" alt=\"\" aria-describedby=\"gallery-1-43348\" \/><\/a>\n\t\t\t<\/div>\n\t\t\t\t<figcaption class='wp-caption-text gallery-caption' id='gallery-1-43348'>\n\t\t\t\tJoyeux Lurons 210725\n\t\t\t\t<\/figcaption><\/figure><figure class='gallery-item'>\n\t\t\t<div class='gallery-icon portrait'>\n\t\t\t\t<a href='https:\/\/bottinesneux.be\/wp-content\/uploads\/2025\/07\/Soumagne-260725.jpg'><img loading=\"lazy\" decoding=\"async\" width=\"150\" height=\"150\" src=\"https:\/\/bottinesneux.be\/wp-content\/uploads\/2025\/07\/Soumagne-260725-150x150.jpg\" class=\"attachment-thumbnail size-thumbnail\" alt=\"\" aria-describedby=\"gallery-1-43340\" \/><\/a>\n\t\t\t<\/div>\n\t\t\t\t<figcaption class='wp-caption-text gallery-caption' id='gallery-1-43340'>\n\t\t\t\tSoumagne 260725\n\t\t\t\t<\/figcaption><\/figure><figure class='gallery-item'>\n\t\t\t<div class='gallery-icon landscape'>\n\t\t\t\t<a href='https:\/\/bottinesneux.be\/wp-content\/uploads\/2025\/01\/Oupeye-020825.jpg'><img loading=\"lazy\" decoding=\"async\" width=\"150\" height=\"150\" src=\"https:\/\/bottinesneux.be\/wp-content\/uploads\/2025\/01\/Oupeye-020825-150x150.jpg\" class=\"attachment-thumbnail size-thumbnail\" alt=\"\" aria-describedby=\"gallery-1-42682\" \/><\/a>\n\t\t\t<\/div>\n\t\t\t\t<figcaption class='wp-caption-text gallery-caption' id='gallery-1-42682'>\n\t\t\t\tOupeye 020825\n\t\t\t\t<\/figcaption><\/figure><figure class='gallery-item'>\n\t\t\t<div class='gallery-icon portrait'>\n\t\t\t\t<a href='https:\/\/bottinesneux.be\/wp-content\/uploads\/2025\/05\/Beyne-150825.jpg'><img loading=\"lazy\" decoding=\"async\" width=\"150\" height=\"150\" src=\"https:\/\/bottinesneux.be\/wp-content\/uploads\/2025\/05\/Beyne-150825-150x150.jpg\" class=\"attachment-thumbnail size-thumbnail\" alt=\"\" aria-describedby=\"gallery-1-43270\" \/><\/a>\n\t\t\t<\/div>\n\t\t\t\t<figcaption class='wp-caption-text gallery-caption' id='gallery-1-43270'>\n\t\t\t\tBeyne 150825\n\t\t\t\t<\/figcaption><\/figure><figure class='gallery-item'>\n\t\t\t<div class='gallery-icon landscape'>\n\t\t\t\t<a href='https:\/\/bottinesneux.be\/wp-content\/uploads\/2025\/04\/Bassenge-230825.jpg'><img loading=\"lazy\" decoding=\"async\" width=\"150\" height=\"150\" src=\"https:\/\/bottinesneux.be\/wp-content\/uploads\/2025\/04\/Bassenge-230825-150x150.jpg\" class=\"attachment-thumbnail size-thumbnail\" alt=\"\" aria-describedby=\"gallery-1-43071\" \/><\/a>\n\t\t\t<\/div>\n\t\t\t\t<figcaption class='wp-caption-text gallery-caption' id='gallery-1-43071'>\n\t\t\t\tBassenge 230825\n\t\t\t\t<\/figcaption><\/figure><figure class='gallery-item'>\n\t\t\t<div class='gallery-icon landscape'>\n\t\t\t\t<a href='https:\/\/bottinesneux.be\/wp-content\/uploads\/2025\/05\/Sourbrodt-230825.jpg'><img loading=\"lazy\" decoding=\"async\" width=\"150\" height=\"150\" src=\"https:\/\/bottinesneux.be\/wp-content\/uploads\/2025\/05\/Sourbrodt-230825-150x150.jpg\" class=\"attachment-thumbnail size-thumbnail\" alt=\"\" aria-describedby=\"gallery-1-43224\" \/><\/a>\n\t\t\t<\/div>\n\t\t\t\t<figcaption class='wp-caption-text gallery-caption' id='gallery-1-43224'>\n\t\t\t\tSourbrodt 230825\n\t\t\t\t<\/figcaption><\/figure><figure class='gallery-item'>\n\t\t\t<div class='gallery-icon portrait'>\n\t\t\t\t<a href='https:\/\/bottinesneux.be\/wp-content\/uploads\/2025\/05\/Pepinster-060925.jpg'><img loading=\"lazy\" decoding=\"async\" width=\"150\" height=\"150\" src=\"https:\/\/bottinesneux.be\/wp-content\/uploads\/2025\/05\/Pepinster-060925-150x150.jpg\" class=\"attachment-thumbnail size-thumbnail\" alt=\"\" aria-describedby=\"gallery-1-43274\" \/><\/a>\n\t\t\t<\/div>\n\t\t\t\t<figcaption class='wp-caption-text gallery-caption' id='gallery-1-43274'>\n\t\t\t\tPepinster 060925\n\t\t\t\t<\/figcaption><\/figure><figure class='gallery-item'>\n\t\t\t<div class='gallery-icon landscape'>\n\t\t\t\t<a href='https:\/\/bottinesneux.be\/wp-content\/uploads\/2024\/12\/Mortier-041025.jpg'><img loading=\"lazy\" decoding=\"async\" width=\"150\" height=\"150\" src=\"https:\/\/bottinesneux.be\/wp-content\/uploads\/2024\/12\/Mortier-041025-150x150.jpg\" class=\"attachment-thumbnail size-thumbnail\" alt=\"\" aria-describedby=\"gallery-1-42624\" \/><\/a>\n\t\t\t<\/div>\n\t\t\t\t<figcaption class='wp-caption-text gallery-caption' id='gallery-1-42624'>\n\t\t\t\tMortier 041025\n\t\t\t\t<\/figcaption><\/figure><figure class='gallery-item'>\n\t\t\t<div class='gallery-icon landscape'>\n\t\t\t\t<a href='https:\/\/bottinesneux.be\/wp-content\/uploads\/2025\/01\/Kimva-2025-folder-recto_page-0001.jpg'><img loading=\"lazy\" decoding=\"async\" width=\"150\" height=\"150\" src=\"https:\/\/bottinesneux.be\/wp-content\/uploads\/2025\/01\/Kimva-2025-folder-recto_page-0001-150x150.jpg\" class=\"attachment-thumbnail size-thumbnail\" alt=\"\" aria-describedby=\"gallery-1-42695\" \/><\/a>\n\t\t\t<\/div>\n\t\t\t\t<figcaption class='wp-caption-text gallery-caption' id='gallery-1-42695'>\n\t\t\t\tKimva 2025 folder recto_page-0001\n\t\t\t\t<\/figcaption><\/figure><figure class='gallery-item'>\n\t\t\t<div class='gallery-icon portrait'>\n\t\t\t\t<a href='https:\/\/bottinesneux.be\/wp-content\/uploads\/2025\/01\/Beyne-011125.jpg'><img loading=\"lazy\" decoding=\"async\" width=\"150\" height=\"150\" src=\"https:\/\/bottinesneux.be\/wp-content\/uploads\/2025\/01\/Beyne-011125-150x150.jpg\" class=\"attachment-thumbnail size-thumbnail\" alt=\"\" aria-describedby=\"gallery-1-42730\" \/><\/a>\n\t\t\t<\/div>\n\t\t\t\t<figcaption class='wp-caption-text gallery-caption' id='gallery-1-42730'>\n\t\t\t\tBeyne 011125\n\t\t\t\t<\/figcaption><\/figure><figure class='gallery-item'>\n\t\t\t<div class='gallery-icon landscape'>\n\t\t\t\t<a href='https:\/\/bottinesneux.be\/wp-content\/uploads\/2025\/01\/Oupeye-151125_page-0002.jpg'><img loading=\"lazy\" decoding=\"async\" width=\"150\" height=\"150\" src=\"https:\/\/bottinesneux.be\/wp-content\/uploads\/2025\/01\/Oupeye-151125_page-0002-150x150.jpg\" class=\"attachment-thumbnail size-thumbnail\" alt=\"\" aria-describedby=\"gallery-1-42691\" \/><\/a>\n\t\t\t<\/div>\n\t\t\t\t<figcaption class='wp-caption-text gallery-caption' id='gallery-1-42691'>\n\t\t\t\tOupeye 151125_page-0002\n\t\t\t\t<\/figcaption><\/figure><figure class='gallery-item'>\n\t\t\t<div class='gallery-icon portrait'>\n\t\t\t\t<a href='https:\/\/bottinesneux.be\/wp-content\/uploads\/2024\/11\/Europiade-2026a.jpg'><img loading=\"lazy\" decoding=\"async\" width=\"150\" height=\"150\" src=\"https:\/\/bottinesneux.be\/wp-content\/uploads\/2024\/11\/Europiade-2026a-150x150.jpg\" class=\"attachment-thumbnail size-thumbnail\" alt=\"\" aria-describedby=\"gallery-1-42237\" \/><\/a>\n\t\t\t<\/div>\n\t\t\t\t<figcaption class='wp-caption-text gallery-caption' id='gallery-1-42237'>\n\t\t\t\tEuropiade 2026a\n\t\t\t\t<\/figcaption><\/figure>\n\t\t<\/div>\n\n\n\n<h3 class=\"wp-block-heading\"><span style=\"color: #0000ff;\"><strong><em>Prochaines activit\u00e9s du club des Bott&rsquo;in d&rsquo;Esneux<\/em><\/strong><\/span><\/h3>\n\n\n\n<p>====================================================<\/p>\n\n\n\n<h3 class=\"wp-block-heading\"><strong><em><span style=\"color: #ff00ff;\">Dimanche 24 ao\u00fbt 2025 Car Wanderfr\u00ebnn \u00ab\u00a0La S\u00fbre\u00a0\u00bb Bettendorf asbl&nbsp;<\/span><\/em><\/strong><\/h3>\n\n\n\n<h3 class=\"wp-block-heading\"><strong><em><span style=\"color: #ff00ff;\">Dimanche 14 septembre 2025 Prologue du club<\/span><\/em><\/strong><\/h3>\n\n\n\n<h5 class=\"wp-block-heading\"><strong><em><span style=\"color: #ff00ff;\">Notre 49e marche fin octobre<\/span><\/em><\/strong><\/h5>\n","protected":false},"excerpt":{"rendered":"<p>Bienvenue sur le site des Bott&rsquo;in d&rsquo;Esneux Folders des marches \u00e0 venir, cliquez sur le folder pour l&rsquo;ouvrir Prochaines activit\u00e9s du club des Bott&rsquo;in d&rsquo;Esneux ==================================================== Dimanche 24 ao\u00fbt 2025 Car Wanderfr\u00ebnn \u00ab\u00a0La S\u00fbre\u00a0\u00bb Bettendorf asbl&nbsp; Dimanche 14 septembre 2025 Prologue du club Notre 49e marche fin octobre<\/p>\n","protected":false},"author":3,"featured_media":0,"parent":0,"menu_order":0,"comment_status":"closed","ping_status":"closed","template":"","meta":{"footnotes":""},"class_list":["post-21","page","type-page","status-publish","hentry"],"_links":{"self":[{"href":"https:\/\/bottinesneux.be\/index.php\/wp-json\/wp\/v2\/pages\/21","targetHints":{"allow":["GET"]}}],"collection":[{"href":"https:\/\/bottinesneux.be\/index.php\/wp-json\/wp\/v2\/pages"}],"about":[{"href":"https:\/\/bottinesneux.be\/index.php\/wp-json\/wp\/v2\/types\/page"}],"author":[{"embeddable":true,"href":"https:\/\/bottinesneux.be\/index.php\/wp-json\/wp\/v2\/users\/3"}],"replies":[{"embeddable":true,"href":"https:\/\/bottinesneux.be\/index.php\/wp-json\/wp\/v2\/comments?post=21"}],"version-history":[{"count":210,"href":"https:\/\/bottinesneux.be\/index.php\/wp-json\/wp\/v2\/pages\/21\/revisions"}],"predecessor-version":[{"id":43349,"href":"https:\/\/bottinesneux.be\/index.php\/wp-json\/wp\/v2\/pages\/21\/revisions\/43349"}],"wp:attachment":[{"href":"https:\/\/bottinesneux.be\/index.php\/wp-json\/wp\/v2\/media?parent=21"}],"curies":[{"name":"wp","href":"https:\/\/api.w.org\/{rel}","templated":true}]}}