{"id":14386,"date":"2019-06-28T15:32:16","date_gmt":"2019-06-28T13:32:16","guid":{"rendered":"https:\/\/bottinesneux.be\/?page_id=14386"},"modified":"2021-01-04T20:13:39","modified_gmt":"2021-01-04T19:13:39","slug":"lg083_car-arlon-2019-ffbmp","status":"publish","type":"page","link":"https:\/\/bottinesneux.be\/index.php\/lg083_car-arlon-2019-ffbmp\/","title":{"rendered":"Car Arlon 2019 FFBMP"},"content":{"rendered":"\n<h1 style=\"text-align: center;\"><strong><span style=\"color: #ff00ff;\"><em>Car Arlon 2019<\/em><\/span><\/strong><\/h1>\n<h2 style=\"text-align: center;\"><span style=\"color: #ff00ff;\"><em><strong> R\u00e9cit du voyage \u00e0 para\u00eetre dans le bulletin FFBMP<\/strong><\/em><\/span><\/h2>\n<p>\u00a0<\/p>\n\n\n\n<figure class=\"wp-block-image\"><a href=\"https:\/\/bottinesneux.be\/wp-content\/uploads\/Car_Arlon_2019\/Car-Arlon-16062019-FFBMP.pdf\" target=\"_blank\" rel=\"noreferrer noopener\"><img loading=\"lazy\" decoding=\"async\" width=\"414\" height=\"122\" src=\"https:\/\/bottinesneux.be\/wp-content\/uploads\/Accueil\/PDF.jpg\" alt=\"\" class=\"wp-image-8335\" srcset=\"https:\/\/bottinesneux.be\/wp-content\/uploads\/Accueil\/PDF.jpg 414w, https:\/\/bottinesneux.be\/wp-content\/uploads\/Accueil\/PDF-300x88.jpg 300w\" sizes=\"auto, (max-width: 414px) 100vw, 414px\" \/><\/a><figcaption>Fichier PDF<\/figcaption><\/figure>\n\n\n<a href=\"https:\/\/bottinesneux.be\/wp-content\/uploads\/Car_Arlon_2019\/Car-Arlon-16062019-FFBMP.pdf\" class=\"pdfemb-viewer\" style=\"\" data-width=\"max\" data-height=\"max\" data-toolbar=\"top\" data-toolbar-fixed=\"on\">Car-Arlon-16062019-FFBMP<\/a>\n<p class=\"wp-block-pdfemb-pdf-embedder-viewer\"><\/p>\n","protected":false},"excerpt":{"rendered":"<p>Car Arlon 2019 R\u00e9cit du voyage \u00e0 para\u00eetre dans le bulletin FFBMP \u00a0<\/p>\n","protected":false},"author":2,"featured_media":0,"parent":0,"menu_order":0,"comment_status":"closed","ping_status":"closed","template":"","meta":{"footnotes":""},"class_list":["post-14386","page","type-page","status-publish","hentry"],"_links":{"self":[{"href":"https:\/\/bottinesneux.be\/index.php\/wp-json\/wp\/v2\/pages\/14386","targetHints":{"allow":["GET"]}}],"collection":[{"href":"https:\/\/bottinesneux.be\/index.php\/wp-json\/wp\/v2\/pages"}],"about":[{"href":"https:\/\/bottinesneux.be\/index.php\/wp-json\/wp\/v2\/types\/page"}],"author":[{"embeddable":true,"href":"https:\/\/bottinesneux.be\/index.php\/wp-json\/wp\/v2\/users\/2"}],"replies":[{"embeddable":true,"href":"https:\/\/bottinesneux.be\/index.php\/wp-json\/wp\/v2\/comments?post=14386"}],"version-history":[{"count":0,"href":"https:\/\/bottinesneux.be\/index.php\/wp-json\/wp\/v2\/pages\/14386\/revisions"}],"wp:attachment":[{"href":"https:\/\/bottinesneux.be\/index.php\/wp-json\/wp\/v2\/media?parent=14386"}],"curies":[{"name":"wp","href":"https:\/\/api.w.org\/{rel}","templated":true}]}}